{"id":6787,"date":"2025-12-10T20:03:06","date_gmt":"2025-12-10T20:03:06","guid":{"rendered":"https:\/\/studio-dot.eu\/?page_id=6787"},"modified":"2025-12-10T20:03:07","modified_gmt":"2025-12-10T20:03:07","slug":"privacy-policy","status":"publish","type":"page","link":"https:\/\/studio-dot.eu\/tr\/privacy-policy\/","title":{"rendered":"Gizlilik Politikas\u0131"},"content":{"rendered":"<br><span>Son G\u00fcncelleme Tarihi: 10-Aral\u0131k-2025<\/span>\n<br><span>Y\u00fcr\u00fcrl\u00fck Tarihi: 10 Aral\u0131k 2025<\/span>\n<\/h1>\n\n<p class=\"privacy-policy-p\">\n    Bu Gizlilik Politikas\u0131, \u03a1\u0391\u03a0\u0391\u039d\u0391\u039a\u0397\u03a3 \u039d\u0399\u039a\u039f\u039b\u0391\u039f\u03a3, \u03a6\u03a1\u0391\u0393\u039a\u039f\u0393\u0399\u0391\u039d\u039d\u0397 65, Attika 15669, Yunanistan, e-posta: info@studio-dot.com, telefon: 694 280 0545&#039;in, web sitemizi (https:\/\/studio-dot.eu) kulland\u0131\u011f\u0131n\u0131zda toplad\u0131\u011f\u0131m\u0131z bilgilerinizin toplanmas\u0131, kullan\u0131m\u0131 ve if\u015fas\u0131na ili\u015fkin politikalar\u0131n\u0131 a\u00e7\u0131klamaktad\u0131r. Hizmete eri\u015ferek veya Hizmeti kullanarak, bu Gizlilik Politikas\u0131na uygun olarak bilgilerinizin toplanmas\u0131na, kullan\u0131lmas\u0131na ve if\u015fas\u0131na onay vermi\u015f olursunuz. E\u011fer buna onay vermiyorsan\u0131z, l\u00fctfen Hizmete eri\u015fmeyin veya Hizmeti kullanmay\u0131n.\n<\/p>\n\n<p class=\"privacy-policy-p\">\n    Bu Gizlilik Politikas\u0131&#039;n\u0131 size \u00f6nceden haber vermeden herhangi bir zamanda de\u011fi\u015ftirebilir ve revize edilmi\u015f Gizlilik Politikas\u0131&#039;n\u0131 Hizmet \u00fczerinde yay\u0131nlayabiliriz. Revize edilmi\u015f Politika, Hizmet&#039;te yay\u0131nlanmas\u0131ndan itibaren 180 g\u00fcn sonra y\u00fcr\u00fcrl\u00fc\u011fe girecek ve bu s\u00fcreden sonra Hizmet&#039;e eri\u015fmeye veya kullanmaya devam etmeniz, revize edilmi\u015f Gizlilik Politikas\u0131&#039;n\u0131 kabul etti\u011finiz anlam\u0131na gelecektir. Bu nedenle, bu sayfay\u0131 periyodik olarak g\u00f6zden ge\u00e7irmenizi \u00f6neririz.\n<\/p>\n\n<ol class=\"privacy-policy-ol\">\n    \n    \n\n        <li>\n        <h2 class=\"privacy-policy-h2\">\n            Bilgilerinizi Nas\u0131l Kullan\u0131yoruz:\n        <\/h2>\n        <p class=\"privacy-policy-p\">\n            Hakk\u0131n\u0131zda toplad\u0131\u011f\u0131m\u0131z bilgileri a\u015fa\u011f\u0131daki ama\u00e7lar i\u00e7in kullanaca\u011f\u0131z:\n        <\/p>\n        <ol class=\"privacy-policy-ol\">\n\n                        <li>Pazarlama\/Tan\u0131t\u0131m<\/li>\n            \n            \n            \n            \n            \n            \n            \n                        <li>Y\u00f6netim bilgileri<\/li>\n            \n            \n            \n                        <li>Site korumas\u0131<\/li>\n            \n                        <li>Kullan\u0131c\u0131dan kullan\u0131c\u0131ya yorumlar<\/li>\n            \n            \n            \n        <\/ol>\n        <p class=\"privacy-policy-p\">\n            Bilgilerinizi ba\u015fka bir ama\u00e7la kullanmak istersek, sizden onay isteyece\u011fiz ve onay\u0131n\u0131z\u0131 ald\u0131ktan sonra, kanunen aksi y\u00f6nde hareket etmemiz gerekmedik\u00e7e, yaln\u0131zca onay verdi\u011finiz ama\u00e7(lar) i\u00e7in bilgilerinizi kullanaca\u011f\u0131z.\n        <\/p>\n    <\/li>\n    \n    \n\n    \n    <li>\n        <h2 class=\"privacy-policy-h2\">\n            Haklar\u0131n\u0131z:\n        <\/h2>\n        <p class=\"privacy-policy-p\">\n            Ge\u00e7erli yasalara ba\u011fl\u0131 olarak, ki\u015fisel verilerinize eri\u015fme, bunlar\u0131 d\u00fczeltme veya silme, ki\u015fisel verilerinizin bir kopyas\u0131n\u0131 alma, verilerinizin aktif i\u015flenmesini k\u0131s\u0131tlama veya itiraz etme, ki\u015fisel bilgilerinizi ba\u015fka bir kurulu\u015fa aktarmam\u0131z\u0131 (ta\u015f\u0131mam\u0131z\u0131) isteme, verilerinizin i\u015flenmesi i\u00e7in bize verdi\u011finiz herhangi bir onay\u0131 geri \u00e7ekme, yasal bir mercie \u015fikayette bulunma ve ge\u00e7erli yasalar uyar\u0131nca ilgili olabilecek di\u011fer haklara sahip olabilirsiniz. Bu haklar\u0131n\u0131z\u0131 kullanmak i\u00e7in info@studio-dot.com adresine yazabilirsiniz. Talebinize ge\u00e7erli yasalara uygun olarak yan\u0131t verece\u011fiz.\n        <\/p>\n\n        \n        <p class=\"privacy-policy-p\">\n            L\u00fctfen unutmay\u0131n ki, gerekli ki\u015fisel bilgilerin toplanmas\u0131na veya i\u015flenmesine izin vermezseniz veya bu bilgilerin gerekli ama\u00e7lar i\u00e7in i\u015flenmesine ili\u015fkin r\u0131zan\u0131z\u0131 geri \u00e7ekerseniz, bilgilerinizin istendi\u011fi hizmetlere eri\u015femeyebilir veya bunlar\u0131 kullanamayabilirsiniz.\n        <\/p>\n    <\/li>\n        <li>\n        <h2 class=\"privacy-policy-h2\">\n            Cookies Etc.\n        <\/h2>\n        <p class=\"privacy-policy-p\">\n\n            \n            Bu izleme teknolojilerini nas\u0131l kulland\u0131\u011f\u0131m\u0131z ve bunlarla ilgili se\u00e7enekleriniz hakk\u0131nda daha fazla bilgi edinmek i\u00e7in l\u00fctfen gizlilik politikam\u0131za bak\u0131n.\n            <a href=\"https:\/\/studio-dot.eu\/tr\/cookie-policy\/\">\u00c7erez Politikas\u0131.<\/a>\n        <\/p>\n    <\/li>\n    \n    <li>\n        <h2 class=\"privacy-policy-h2\">\n            G\u00fcvenlik:\n        <\/h2>\n        <p class=\"privacy-policy-p\">\n            Bilgilerinizin g\u00fcvenli\u011fi bizim i\u00e7in \u00f6nemlidir ve kontrol\u00fcm\u00fcz alt\u0131ndaki bilgilerinizin kaybolmas\u0131n\u0131, k\u00f6t\u00fcye kullan\u0131lmas\u0131n\u0131 veya yetkisiz olarak de\u011fi\u015ftirilmesini \u00f6nlemek i\u00e7in makul g\u00fcvenlik \u00f6nlemleri alaca\u011f\u0131z. Bununla birlikte, do\u011fas\u0131nda var olan riskler g\u00f6z \u00f6n\u00fcne al\u0131nd\u0131\u011f\u0131nda, mutlak g\u00fcvenli\u011fi garanti edemeyiz ve sonu\u00e7 olarak, bize iletti\u011finiz herhangi bir bilginin g\u00fcvenli\u011fini sa\u011flayamay\u0131z veya temin edemeyiz ve bunu kendi riskinizle yapars\u0131n\u0131z.\n        <\/p>\n    <\/li>\n\n    \n    <li>\n        <h2 class=\"privacy-policy-h2\">\n            \u015eikayet \/ Veri Koruma Sorumlusu:\n        <\/h2>\n        <p class=\"privacy-policy-p\">\n            Bizimle bulunan bilgilerinizin i\u015flenmesiyle ilgili herhangi bir sorunuz veya endi\u015feniz varsa, \u015fikayet yetkilimize \u03a1\u0391\u03a0\u0391\u039d\u0391\u039a\u0397\u03a3 \u039d\u0399\u039a\u039f\u039b\u0391\u039f\u03a3, \u03a6\u03a1\u0391\u0393\u039a\u039f\u0393\u0399\u0391\u039d\u039d\u0397 65 adresinden veya info@studio-dot.com e-posta adresinden ula\u015fabilirsiniz. Endi\u015felerinizi ilgili yasalara uygun olarak ele alaca\u011f\u0131z.\n        <\/p>\n    <\/li>\n<\/ol>\n<p class=\"privacy-policy-p\">\n    Gizlilik Politikas\u0131, \u015fu \u015fekilde olu\u015fturulmu\u015ftur:  <a target=\"_blank\" href=\"https:\/\/www.cookieyes.com\/?utm_source=PP&#038;utm_medium=footer&#038;utm_campaign=UW\">CookieYes<\/a>.\n<\/p>","protected":false},"excerpt":{"rendered":"<p>Last Updated On 10-Dec-2025 Effective Date 10-Dec-2025 This Privacy Policy describes the policies of \u03a1\u0391\u03a0\u0391\u039d\u0391\u039a\u0397\u03a3 \u039d\u0399\u039a\u039f\u039b\u0391\u039f\u03a3, \u03a6\u03a1\u0391\u0393\u039a\u039f\u0393\u0399\u0391\u039d\u039d\u0397 65, Attica 15669, Greece, email: info@studio-dot.com, phone: 694 280 0545 on the collection, use and disclosure of your information that we collect when<\/p>","protected":false},"author":1,"featured_media":0,"parent":0,"menu_order":0,"comment_status":"closed","ping_status":"closed","template":"","meta":{"_editorskit_title_hidden":false,"_editorskit_reading_time":0,"_editorskit_is_block_options_detached":false,"_editorskit_block_options_position":"{}","footnotes":""},"class_list":["post-6787","page","type-page","status-publish","hentry"],"yoast_head":"<!-- This site is optimized with the Yoast SEO plugin v27.2 - https:\/\/yoast.com\/product\/yoast-seo-wordpress\/ -->\n<title>Privacy Policy - Studio dot<\/title>\n<meta name=\"robots\" content=\"index, follow, max-snippet:-1, max-image-preview:large, max-video-preview:-1\" \/>\n<link rel=\"canonical\" href=\"https:\/\/studio-dot.eu\/tr\/privacy-policy\/\" \/>\n<meta property=\"og:locale\" content=\"tr_TR\" \/>\n<meta property=\"og:type\" content=\"article\" \/>\n<meta property=\"og:title\" content=\"Privacy Policy - Studio dot\" \/>\n<meta property=\"og:description\" content=\"Last Updated On 10-Dec-2025 Effective Date 10-Dec-2025 This Privacy Policy describes the policies of \u03a1\u0391\u03a0\u0391\u039d\u0391\u039a\u0397\u03a3 \u039d\u0399\u039a\u039f\u039b\u0391\u039f\u03a3, \u03a6\u03a1\u0391\u0393\u039a\u039f\u0393\u0399\u0391\u039d\u039d\u0397 65, Attica 15669, Greece, email: info@studio-dot.com, phone: 694 280 0545 on the collection, use and disclosure of your information that we collect when\" \/>\n<meta property=\"og:url\" content=\"https:\/\/studio-dot.eu\/tr\/privacy-policy\/\" \/>\n<meta property=\"og:site_name\" content=\"Studio dot\" \/>\n<meta property=\"article:modified_time\" content=\"2025-12-10T20:03:07+00:00\" \/>\n<meta property=\"og:image\" content=\"https:\/\/studio-dot.eu\/wp-content\/uploads\/2025\/09\/Logo-no-background.png\" \/>\n\t<meta property=\"og:image:width\" content=\"972\" \/>\n\t<meta property=\"og:image:height\" content=\"521\" \/>\n\t<meta property=\"og:image:type\" content=\"image\/png\" \/>\n<meta name=\"twitter:card\" content=\"summary_large_image\" \/>\n<meta name=\"twitter:label1\" content=\"Tahmini okuma s\u00fcresi\" \/>\n\t<meta name=\"twitter:data1\" content=\"3 dakika\" \/>\n<script type=\"application\/ld+json\" class=\"yoast-schema-graph\">{\"@context\":\"https:\/\/schema.org\",\"@graph\":[{\"@type\":\"WebPage\",\"@id\":\"https:\/\/studio-dot.eu\/privacy-policy\/\",\"url\":\"https:\/\/studio-dot.eu\/privacy-policy\/\",\"name\":\"Privacy Policy - Studio dot\",\"isPartOf\":{\"@id\":\"https:\/\/studio-dot.eu\/#website\"},\"datePublished\":\"2025-12-10T20:03:06+00:00\",\"dateModified\":\"2025-12-10T20:03:07+00:00\",\"breadcrumb\":{\"@id\":\"https:\/\/studio-dot.eu\/privacy-policy\/#breadcrumb\"},\"inLanguage\":\"tr\",\"potentialAction\":[{\"@type\":\"ReadAction\",\"target\":[\"https:\/\/studio-dot.eu\/privacy-policy\/\"]}]},{\"@type\":\"BreadcrumbList\",\"@id\":\"https:\/\/studio-dot.eu\/privacy-policy\/#breadcrumb\",\"itemListElement\":[{\"@type\":\"ListItem\",\"position\":1,\"name\":\"Home\",\"item\":\"https:\/\/studio-dot.eu\/\"},{\"@type\":\"ListItem\",\"position\":2,\"name\":\"Privacy Policy\"}]},{\"@type\":\"WebSite\",\"@id\":\"https:\/\/studio-dot.eu\/#website\",\"url\":\"https:\/\/studio-dot.eu\/\",\"name\":\"Studio dot\",\"description\":\"\",\"publisher\":{\"@id\":\"https:\/\/studio-dot.eu\/#organization\"},\"potentialAction\":[{\"@type\":\"SearchAction\",\"target\":{\"@type\":\"EntryPoint\",\"urlTemplate\":\"https:\/\/studio-dot.eu\/?s={search_term_string}\"},\"query-input\":{\"@type\":\"PropertyValueSpecification\",\"valueRequired\":true,\"valueName\":\"search_term_string\"}}],\"inLanguage\":\"tr\"},{\"@type\":\"Organization\",\"@id\":\"https:\/\/studio-dot.eu\/#organization\",\"name\":\"Studio dot\",\"url\":\"https:\/\/studio-dot.eu\/\",\"logo\":{\"@type\":\"ImageObject\",\"inLanguage\":\"tr\",\"@id\":\"https:\/\/studio-dot.eu\/#\/schema\/logo\/image\/\",\"url\":\"https:\/\/studio-dot.eu\/wp-content\/uploads\/2025\/09\/Logo-no-background.png\",\"contentUrl\":\"https:\/\/studio-dot.eu\/wp-content\/uploads\/2025\/09\/Logo-no-background.png\",\"width\":972,\"height\":521,\"caption\":\"Studio dot\"},\"image\":{\"@id\":\"https:\/\/studio-dot.eu\/#\/schema\/logo\/image\/\"},\"sameAs\":[\"https:\/\/www.instagram.com\/studiodot.eu?igsh=MWU5M3pzc2dhOGIwaA\",\"https:\/\/www.tiktok.com\/@studiodot.eu?_t=ZN-8zsrFUyj44Z&_r=1\",\"https:\/\/www.linkedin.com\/company\/studio-doteu\/\"]}]}<\/script>\n<!-- \/ Yoast SEO plugin. -->","yoast_head_json":{"title":"Privacy Policy - Studio dot","robots":{"index":"index","follow":"follow","max-snippet":"max-snippet:-1","max-image-preview":"max-image-preview:large","max-video-preview":"max-video-preview:-1"},"canonical":"https:\/\/studio-dot.eu\/tr\/privacy-policy\/","og_locale":"tr_TR","og_type":"article","og_title":"Privacy Policy - Studio dot","og_description":"Last Updated On 10-Dec-2025 Effective Date 10-Dec-2025 This Privacy Policy describes the policies of \u03a1\u0391\u03a0\u0391\u039d\u0391\u039a\u0397\u03a3 \u039d\u0399\u039a\u039f\u039b\u0391\u039f\u03a3, \u03a6\u03a1\u0391\u0393\u039a\u039f\u0393\u0399\u0391\u039d\u039d\u0397 65, Attica 15669, Greece, email: info@studio-dot.com, phone: 694 280 0545 on the collection, use and disclosure of your information that we collect when","og_url":"https:\/\/studio-dot.eu\/tr\/privacy-policy\/","og_site_name":"Studio dot","article_modified_time":"2025-12-10T20:03:07+00:00","og_image":[{"width":972,"height":521,"url":"https:\/\/studio-dot.eu\/wp-content\/uploads\/2025\/09\/Logo-no-background.png","type":"image\/png"}],"twitter_card":"summary_large_image","twitter_misc":{"Tahmini okuma s\u00fcresi":"3 dakika"},"schema":{"@context":"https:\/\/schema.org","@graph":[{"@type":"WebPage","@id":"https:\/\/studio-dot.eu\/privacy-policy\/","url":"https:\/\/studio-dot.eu\/privacy-policy\/","name":"Privacy Policy - Studio dot","isPartOf":{"@id":"https:\/\/studio-dot.eu\/#website"},"datePublished":"2025-12-10T20:03:06+00:00","dateModified":"2025-12-10T20:03:07+00:00","breadcrumb":{"@id":"https:\/\/studio-dot.eu\/privacy-policy\/#breadcrumb"},"inLanguage":"tr","potentialAction":[{"@type":"ReadAction","target":["https:\/\/studio-dot.eu\/privacy-policy\/"]}]},{"@type":"BreadcrumbList","@id":"https:\/\/studio-dot.eu\/privacy-policy\/#breadcrumb","itemListElement":[{"@type":"ListItem","position":1,"name":"Home","item":"https:\/\/studio-dot.eu\/"},{"@type":"ListItem","position":2,"name":"Privacy Policy"}]},{"@type":"WebSite","@id":"https:\/\/studio-dot.eu\/#website","url":"https:\/\/studio-dot.eu\/","name":"Studio dot","description":"","publisher":{"@id":"https:\/\/studio-dot.eu\/#organization"},"potentialAction":[{"@type":"SearchAction","target":{"@type":"EntryPoint","urlTemplate":"https:\/\/studio-dot.eu\/?s={search_term_string}"},"query-input":{"@type":"PropertyValueSpecification","valueRequired":true,"valueName":"search_term_string"}}],"inLanguage":"tr"},{"@type":"Organization","@id":"https:\/\/studio-dot.eu\/#organization","name":"Studio dot","url":"https:\/\/studio-dot.eu\/","logo":{"@type":"ImageObject","inLanguage":"tr","@id":"https:\/\/studio-dot.eu\/#\/schema\/logo\/image\/","url":"https:\/\/studio-dot.eu\/wp-content\/uploads\/2025\/09\/Logo-no-background.png","contentUrl":"https:\/\/studio-dot.eu\/wp-content\/uploads\/2025\/09\/Logo-no-background.png","width":972,"height":521,"caption":"Studio dot"},"image":{"@id":"https:\/\/studio-dot.eu\/#\/schema\/logo\/image\/"},"sameAs":["https:\/\/www.instagram.com\/studiodot.eu?igsh=MWU5M3pzc2dhOGIwaA","https:\/\/www.tiktok.com\/@studiodot.eu?_t=ZN-8zsrFUyj44Z&_r=1","https:\/\/www.linkedin.com\/company\/studio-doteu\/"]}]}},"acf":[],"_links":{"self":[{"href":"https:\/\/studio-dot.eu\/tr\/wp-json\/wp\/v2\/pages\/6787","targetHints":{"allow":["GET"]}}],"collection":[{"href":"https:\/\/studio-dot.eu\/tr\/wp-json\/wp\/v2\/pages"}],"about":[{"href":"https:\/\/studio-dot.eu\/tr\/wp-json\/wp\/v2\/types\/page"}],"author":[{"embeddable":true,"href":"https:\/\/studio-dot.eu\/tr\/wp-json\/wp\/v2\/users\/1"}],"replies":[{"embeddable":true,"href":"https:\/\/studio-dot.eu\/tr\/wp-json\/wp\/v2\/comments?post=6787"}],"version-history":[{"count":1,"href":"https:\/\/studio-dot.eu\/tr\/wp-json\/wp\/v2\/pages\/6787\/revisions"}],"predecessor-version":[{"id":6788,"href":"https:\/\/studio-dot.eu\/tr\/wp-json\/wp\/v2\/pages\/6787\/revisions\/6788"}],"wp:attachment":[{"href":"https:\/\/studio-dot.eu\/tr\/wp-json\/wp\/v2\/media?parent=6787"}],"curies":[{"name":"wp","href":"https:\/\/api.w.org\/{rel}","templated":true}]}}