{"id":6785,"date":"2025-12-10T19:58:56","date_gmt":"2025-12-10T19:58:56","guid":{"rendered":"https:\/\/studio-dot.eu\/?page_id=6785"},"modified":"2025-12-10T19:58:57","modified_gmt":"2025-12-10T19:58:57","slug":"cookie-policy","status":"publish","type":"page","link":"https:\/\/studio-dot.eu\/tr\/cookie-policy\/","title":{"rendered":"\u00c7erez Politikas\u0131"},"content":{"rendered":"<!-- Start CookieYes cookie policy -->\n<style>\n  a.cky-banner-element {\n    padding: 8px 30px;\n    background: #f8f9fa;\n    color: #858a8f;\n    border: 1px solid #dee2e6;\n    box-sizing: border-box;\n    border-radius: 2px;\n    cursor: pointer\n  }\n<\/style>\n\n<div class=\"cookie-policy-date-container\">\n  <p>Y\u00fcr\u00fcrl\u00fck tarihi: 10 Aral\u0131k 2025<\/p>\n  <p>Son g\u00fcncelleme: 10 Aral\u0131k 2025<\/p>\n<\/div>&nbsp;<h2>\u00c7erezler nedir?<\/h2>\n<div class=\"cookie-policy-p\">\n  <p>Bu \u00c7erez Politikas\u0131, \u00e7erezlerin ne oldu\u011funu, bunlar\u0131 nas\u0131l kulland\u0131\u011f\u0131m\u0131z\u0131, kulland\u0131\u011f\u0131m\u0131z \u00e7erez t\u00fcrlerini (yani \u00e7erezler arac\u0131l\u0131\u011f\u0131yla toplad\u0131\u011f\u0131m\u0131z bilgileri ve bu bilgilerin nas\u0131l kullan\u0131ld\u0131\u011f\u0131n\u0131) ve \u00e7erez ayarlar\u0131n\u0131z\u0131 nas\u0131l y\u00f6netebilece\u011finizi a\u00e7\u0131klamaktad\u0131r.<\/p>\n  <p>\u00c7erezler, k\u00fc\u00e7\u00fck bilgi par\u00e7alar\u0131n\u0131 depolamak i\u00e7in kullan\u0131lan k\u00fc\u00e7\u00fck metin dosyalar\u0131d\u0131r. Bir web sitesi taray\u0131c\u0131n\u0131zda y\u00fcklendi\u011finde cihaz\u0131n\u0131za kaydedilirler. Bu \u00e7erezler, web sitesinin d\u00fczg\u00fcn \u00e7al\u0131\u015fmas\u0131n\u0131 sa\u011flamaya, g\u00fcvenli\u011fi art\u0131rmaya, daha iyi bir kullan\u0131c\u0131 deneyimi sunmaya ve performans\u0131 analiz ederek neyin i\u015fe yarad\u0131\u011f\u0131n\u0131 ve nerede iyile\u015ftirmeler gerekti\u011fini belirlemeye yard\u0131mc\u0131 olur.<\/p>\n<\/div>&nbsp;<h2>\u00c7erezleri nas\u0131l kullan\u0131yoruz?<\/h2>\n<div class=\"cookie-policy-p\">\n  <p>\u00c7o\u011fu \u00e7evrimi\u00e7i hizmet gibi, web sitemiz de \u00e7e\u015fitli ama\u00e7lar i\u00e7in hem birinci taraf hem de \u00fc\u00e7\u00fcnc\u00fc taraf \u00e7erezleri kullanmaktad\u0131r. Birinci taraf \u00e7erezleri \u00f6ncelikle web sitesinin d\u00fczg\u00fcn \u00e7al\u0131\u015fmas\u0131 i\u00e7in gereklidir ve ki\u015fisel olarak tan\u0131mlanabilir hi\u00e7bir veri toplamaz.<\/p>\n  <p>Web sitemizde kullan\u0131lan \u00fc\u00e7\u00fcnc\u00fc taraf \u00e7erezler \u00f6ncelikle web sitesinin performans\u0131n\u0131 anlamam\u0131za, onunla nas\u0131l etkile\u015fim kurdu\u011funuzu izlememize, hizmetlerimizin g\u00fcvenli\u011fini sa\u011flamam\u0131za, ilgili reklamlar\u0131 sunmam\u0131za ve genel kullan\u0131c\u0131 deneyiminizi geli\u015ftirirken web sitemizle gelecekteki etkile\u015fimlerinizin h\u0131z\u0131n\u0131 art\u0131rmam\u0131za yard\u0131mc\u0131 olur.<\/p>\n<\/div>&nbsp;<h2>Kulland\u0131\u011f\u0131m\u0131z \u00e7erez t\u00fcrleri<\/h2>\n<div class=\"cky-audit-table-element\"><\/div>&nbsp;<h2 style=\"margin-bottom: 20px\">\u00c7erez tercihlerini y\u00f6netin<\/h2><a class=\"cky-banner-element\">Onay Tercihleri<\/a><br \/>\n<div>\n  <p>Yukar\u0131daki &#039;Onay Tercihleri&#039; d\u00fc\u011fmesine t\u0131klayarak \u00e7erez ayarlar\u0131n\u0131z\u0131 istedi\u011finiz zaman de\u011fi\u015ftirebilirsiniz. Bu sayede \u00e7erez onay banner&#039;\u0131n\u0131 tekrar ziyaret edebilir, tercihlerinizi g\u00fcncelleyebilir veya onay\u0131n\u0131z\u0131 an\u0131nda geri \u00e7ekebilirsiniz. <\/p>\n  <p>Ayr\u0131ca, farkl\u0131 taray\u0131c\u0131lar web siteleri taraf\u0131ndan kullan\u0131lan \u00e7erezleri engellemek ve silmek i\u00e7in \u00e7e\u015fitli y\u00f6ntemler sunar. \u00c7erezleri engellemek veya silmek i\u00e7in taray\u0131c\u0131 ayarlar\u0131n\u0131z\u0131 de\u011fi\u015ftirebilirsiniz. A\u015fa\u011f\u0131da, ba\u015fl\u0131ca web taray\u0131c\u0131lar\u0131nda \u00e7erezleri nas\u0131l y\u00f6netip silece\u011finize dair destek belgelerine ba\u011flant\u0131lar bulunmaktad\u0131r.<\/p>\n  <p>Krom: <a target=\"_blank\" rel=\"noopener noreferrer\" href=\"https:\/\/support.google.com\/accounts\/answer\/32050\">https:\/\/support.google.com\/accounts\/answer\/32050<\/a><\/p>\n  <p>Safari: <a target=\"_blank\" rel=\"noopener noreferrer\" href=\"https:\/\/support.apple.com\/en-in\/guide\/safari\/sfri11471\/mac\">https:\/\/support.apple.com\/en-in\/guide\/safari\/sfri11471\/mac<\/a><\/p>\n  <p>Firefox: <a target=\"_blank\" rel=\"noopener noreferrer\" href=\"https:\/\/support.mozilla.org\/en-US\/kb\/clear-cookies-and-site-data-firefox?redirectslug=delete-cookies-remove-info-websites-stored&#038;redirectlocale=en-US\">https:\/\/support.mozilla.org\/en-US\/kb\/clear-cookies-and-site-data-firefox?redirectslug=delete-cookies-remove-info-websites-stored&#038;redirectlocale=en-US<\/a><\/p>\n  <p>Internet Explorer: <a target=\"_blank\" rel=\"noopener noreferrer\" href=\"https:\/\/support.microsoft.com\/en-us\/topic\/how-to-delete-cookie-files-in-internet-explorer-bca9446f-d873-78de-77ba-d42645fa52fc\">https:\/\/support.microsoft.com\/en-us\/topic\/how-to-delete-cookie-files-in-internet-explorer-bca9446f-d873-78de-77ba-d42645fa52fc<\/a><\/p>\n  <p>Farkl\u0131 bir web taray\u0131c\u0131s\u0131 kullan\u0131yorsan\u0131z, l\u00fctfen onun resmi destek belgelerine bak\u0131n.<\/p>\n<\/div>&nbsp;<p class=\"cookie-policy-p\"> \u00c7erez Politikas\u0131 taraf\u0131ndan olu\u015fturulmu\u015ftur <a target=\"_blank\" rel=\"noopener noreferrer\" href=\"https:\/\/www.cookieyes.com\/?utm_source=CP&#038;utm_medium=footer&#038;utm_campaign=UW\">CookieYes \u2013 \u00c7erez Politikas\u0131 Olu\u015fturucu<\/a><\/p>\n<!-- End CookieYes cookie policy -->","protected":false},"excerpt":{"rendered":"<p>Effective date: December 10, 2025 Last updated: December 10, 2025 &nbsp; What are cookies? This Cookie Policy explains what cookies are, how we use them, the types of cookies we use (i.e., the information we collect using cookies and how<\/p>","protected":false},"author":1,"featured_media":0,"parent":0,"menu_order":0,"comment_status":"closed","ping_status":"closed","template":"","meta":{"_editorskit_title_hidden":false,"_editorskit_reading_time":0,"_editorskit_is_block_options_detached":false,"_editorskit_block_options_position":"{}","footnotes":""},"class_list":["post-6785","page","type-page","status-publish","hentry"],"yoast_head":"<!-- This site is optimized with the Yoast SEO plugin v27.2 - https:\/\/yoast.com\/product\/yoast-seo-wordpress\/ -->\n<title>Cookie Policy - Studio dot<\/title>\n<meta name=\"robots\" content=\"index, follow, max-snippet:-1, max-image-preview:large, max-video-preview:-1\" \/>\n<link rel=\"canonical\" href=\"https:\/\/studio-dot.eu\/tr\/cookie-policy\/\" \/>\n<meta property=\"og:locale\" content=\"tr_TR\" \/>\n<meta property=\"og:type\" content=\"article\" \/>\n<meta property=\"og:title\" content=\"Cookie Policy - Studio dot\" \/>\n<meta property=\"og:description\" content=\"Effective date: December 10, 2025 Last updated: December 10, 2025 &nbsp; What are cookies? This Cookie Policy explains what cookies are, how we use them, the types of cookies we use (i.e., the information we collect using cookies and how\" \/>\n<meta property=\"og:url\" content=\"https:\/\/studio-dot.eu\/tr\/cookie-policy\/\" \/>\n<meta property=\"og:site_name\" content=\"Studio dot\" \/>\n<meta property=\"article:modified_time\" content=\"2025-12-10T19:58:57+00:00\" \/>\n<meta property=\"og:image\" content=\"https:\/\/studio-dot.eu\/wp-content\/uploads\/2025\/09\/Logo-no-background.png\" \/>\n\t<meta property=\"og:image:width\" content=\"972\" \/>\n\t<meta property=\"og:image:height\" content=\"521\" \/>\n\t<meta property=\"og:image:type\" content=\"image\/png\" \/>\n<meta name=\"twitter:card\" content=\"summary_large_image\" \/>\n<meta name=\"twitter:label1\" content=\"Tahmini okuma s\u00fcresi\" \/>\n\t<meta name=\"twitter:data1\" content=\"2 dakika\" \/>\n<script type=\"application\/ld+json\" class=\"yoast-schema-graph\">{\"@context\":\"https:\/\/schema.org\",\"@graph\":[{\"@type\":\"WebPage\",\"@id\":\"https:\/\/studio-dot.eu\/cookie-policy\/\",\"url\":\"https:\/\/studio-dot.eu\/cookie-policy\/\",\"name\":\"Cookie Policy - Studio dot\",\"isPartOf\":{\"@id\":\"https:\/\/studio-dot.eu\/#website\"},\"datePublished\":\"2025-12-10T19:58:56+00:00\",\"dateModified\":\"2025-12-10T19:58:57+00:00\",\"breadcrumb\":{\"@id\":\"https:\/\/studio-dot.eu\/cookie-policy\/#breadcrumb\"},\"inLanguage\":\"tr\",\"potentialAction\":[{\"@type\":\"ReadAction\",\"target\":[\"https:\/\/studio-dot.eu\/cookie-policy\/\"]}]},{\"@type\":\"BreadcrumbList\",\"@id\":\"https:\/\/studio-dot.eu\/cookie-policy\/#breadcrumb\",\"itemListElement\":[{\"@type\":\"ListItem\",\"position\":1,\"name\":\"Home\",\"item\":\"https:\/\/studio-dot.eu\/\"},{\"@type\":\"ListItem\",\"position\":2,\"name\":\"Cookie Policy\"}]},{\"@type\":\"WebSite\",\"@id\":\"https:\/\/studio-dot.eu\/#website\",\"url\":\"https:\/\/studio-dot.eu\/\",\"name\":\"Studio dot\",\"description\":\"\",\"publisher\":{\"@id\":\"https:\/\/studio-dot.eu\/#organization\"},\"potentialAction\":[{\"@type\":\"SearchAction\",\"target\":{\"@type\":\"EntryPoint\",\"urlTemplate\":\"https:\/\/studio-dot.eu\/?s={search_term_string}\"},\"query-input\":{\"@type\":\"PropertyValueSpecification\",\"valueRequired\":true,\"valueName\":\"search_term_string\"}}],\"inLanguage\":\"tr\"},{\"@type\":\"Organization\",\"@id\":\"https:\/\/studio-dot.eu\/#organization\",\"name\":\"Studio dot\",\"url\":\"https:\/\/studio-dot.eu\/\",\"logo\":{\"@type\":\"ImageObject\",\"inLanguage\":\"tr\",\"@id\":\"https:\/\/studio-dot.eu\/#\/schema\/logo\/image\/\",\"url\":\"https:\/\/studio-dot.eu\/wp-content\/uploads\/2025\/09\/Logo-no-background.png\",\"contentUrl\":\"https:\/\/studio-dot.eu\/wp-content\/uploads\/2025\/09\/Logo-no-background.png\",\"width\":972,\"height\":521,\"caption\":\"Studio dot\"},\"image\":{\"@id\":\"https:\/\/studio-dot.eu\/#\/schema\/logo\/image\/\"},\"sameAs\":[\"https:\/\/www.instagram.com\/studiodot.eu?igsh=MWU5M3pzc2dhOGIwaA\",\"https:\/\/www.tiktok.com\/@studiodot.eu?_t=ZN-8zsrFUyj44Z&_r=1\",\"https:\/\/www.linkedin.com\/company\/studio-doteu\/\"]}]}<\/script>\n<!-- \/ Yoast SEO plugin. -->","yoast_head_json":{"title":"Cookie Policy - Studio dot","robots":{"index":"index","follow":"follow","max-snippet":"max-snippet:-1","max-image-preview":"max-image-preview:large","max-video-preview":"max-video-preview:-1"},"canonical":"https:\/\/studio-dot.eu\/tr\/cookie-policy\/","og_locale":"tr_TR","og_type":"article","og_title":"Cookie Policy - Studio dot","og_description":"Effective date: December 10, 2025 Last updated: December 10, 2025 &nbsp; What are cookies? This Cookie Policy explains what cookies are, how we use them, the types of cookies we use (i.e., the information we collect using cookies and how","og_url":"https:\/\/studio-dot.eu\/tr\/cookie-policy\/","og_site_name":"Studio dot","article_modified_time":"2025-12-10T19:58:57+00:00","og_image":[{"width":972,"height":521,"url":"https:\/\/studio-dot.eu\/wp-content\/uploads\/2025\/09\/Logo-no-background.png","type":"image\/png"}],"twitter_card":"summary_large_image","twitter_misc":{"Tahmini okuma s\u00fcresi":"2 dakika"},"schema":{"@context":"https:\/\/schema.org","@graph":[{"@type":"WebPage","@id":"https:\/\/studio-dot.eu\/cookie-policy\/","url":"https:\/\/studio-dot.eu\/cookie-policy\/","name":"Cookie Policy - Studio dot","isPartOf":{"@id":"https:\/\/studio-dot.eu\/#website"},"datePublished":"2025-12-10T19:58:56+00:00","dateModified":"2025-12-10T19:58:57+00:00","breadcrumb":{"@id":"https:\/\/studio-dot.eu\/cookie-policy\/#breadcrumb"},"inLanguage":"tr","potentialAction":[{"@type":"ReadAction","target":["https:\/\/studio-dot.eu\/cookie-policy\/"]}]},{"@type":"BreadcrumbList","@id":"https:\/\/studio-dot.eu\/cookie-policy\/#breadcrumb","itemListElement":[{"@type":"ListItem","position":1,"name":"Home","item":"https:\/\/studio-dot.eu\/"},{"@type":"ListItem","position":2,"name":"Cookie Policy"}]},{"@type":"WebSite","@id":"https:\/\/studio-dot.eu\/#website","url":"https:\/\/studio-dot.eu\/","name":"Studio dot","description":"","publisher":{"@id":"https:\/\/studio-dot.eu\/#organization"},"potentialAction":[{"@type":"SearchAction","target":{"@type":"EntryPoint","urlTemplate":"https:\/\/studio-dot.eu\/?s={search_term_string}"},"query-input":{"@type":"PropertyValueSpecification","valueRequired":true,"valueName":"search_term_string"}}],"inLanguage":"tr"},{"@type":"Organization","@id":"https:\/\/studio-dot.eu\/#organization","name":"Studio dot","url":"https:\/\/studio-dot.eu\/","logo":{"@type":"ImageObject","inLanguage":"tr","@id":"https:\/\/studio-dot.eu\/#\/schema\/logo\/image\/","url":"https:\/\/studio-dot.eu\/wp-content\/uploads\/2025\/09\/Logo-no-background.png","contentUrl":"https:\/\/studio-dot.eu\/wp-content\/uploads\/2025\/09\/Logo-no-background.png","width":972,"height":521,"caption":"Studio dot"},"image":{"@id":"https:\/\/studio-dot.eu\/#\/schema\/logo\/image\/"},"sameAs":["https:\/\/www.instagram.com\/studiodot.eu?igsh=MWU5M3pzc2dhOGIwaA","https:\/\/www.tiktok.com\/@studiodot.eu?_t=ZN-8zsrFUyj44Z&_r=1","https:\/\/www.linkedin.com\/company\/studio-doteu\/"]}]}},"acf":[],"_links":{"self":[{"href":"https:\/\/studio-dot.eu\/tr\/wp-json\/wp\/v2\/pages\/6785","targetHints":{"allow":["GET"]}}],"collection":[{"href":"https:\/\/studio-dot.eu\/tr\/wp-json\/wp\/v2\/pages"}],"about":[{"href":"https:\/\/studio-dot.eu\/tr\/wp-json\/wp\/v2\/types\/page"}],"author":[{"embeddable":true,"href":"https:\/\/studio-dot.eu\/tr\/wp-json\/wp\/v2\/users\/1"}],"replies":[{"embeddable":true,"href":"https:\/\/studio-dot.eu\/tr\/wp-json\/wp\/v2\/comments?post=6785"}],"version-history":[{"count":1,"href":"https:\/\/studio-dot.eu\/tr\/wp-json\/wp\/v2\/pages\/6785\/revisions"}],"predecessor-version":[{"id":6786,"href":"https:\/\/studio-dot.eu\/tr\/wp-json\/wp\/v2\/pages\/6785\/revisions\/6786"}],"wp:attachment":[{"href":"https:\/\/studio-dot.eu\/tr\/wp-json\/wp\/v2\/media?parent=6785"}],"curies":[{"name":"wp","href":"https:\/\/api.w.org\/{rel}","templated":true}]}}