{"id":1017,"date":"2018-08-07T06:46:38","date_gmt":"2018-08-07T06:46:38","guid":{"rendered":"https:\/\/themes.themegoods.com\/architecturer\/demo\/?page_id=1017"},"modified":"2025-12-15T10:38:34","modified_gmt":"2025-12-15T08:38:34","slug":"our-services","status":"publish","type":"page","link":"https:\/\/studio-dot.eu\/tr\/our-services\/","title":{"rendered":"Hizmetler"},"content":{"rendered":"<div data-elementor-type=\"wp-post\" data-elementor-id=\"1017\" class=\"elementor elementor-1017\" data-elementor-post-type=\"page\">\n\t\t\t\t<div class=\"elementor-element elementor-element-d0128c8 e-flex e-con-boxed wpr-particle-no wpr-jarallax-no wpr-parallax-no wpr-sticky-section-no e-con e-parent\" data-id=\"d0128c8\" data-element_type=\"container\" data-e-type=\"container\">\n\t\t\t\t\t<div class=\"e-con-inner\">\n\t\t<div class=\"elementor-element elementor-element-d7a281c e-con-full e-flex wpr-particle-no wpr-jarallax-no wpr-parallax-no wpr-sticky-section-no e-con e-child\" data-id=\"d7a281c\" data-element_type=\"container\" data-e-type=\"container\">\n\t\t\t\t<div class=\"elementor-element elementor-element-8b745ac elementor-widget elementor-widget-image\" data-id=\"8b745ac\" data-element_type=\"widget\" data-e-type=\"widget\" data-settings=\"{&quot;architecturer_image_is_animation&quot;:&quot;false&quot;,&quot;architecturer_ext_is_mobile_menu&quot;:&quot;false&quot;,&quot;architecturer_ext_is_scrollme&quot;:&quot;false&quot;,&quot;architecturer_ext_is_smoove&quot;:&quot;false&quot;,&quot;architecturer_ext_is_parallax_mouse&quot;:&quot;false&quot;,&quot;architecturer_ext_is_infinite&quot;:&quot;false&quot;,&quot;architecturer_ext_is_fadeout_animation&quot;:&quot;false&quot;}\" data-widget_type=\"image.default\">\n\t\t\t\t\t\t\t\t\t\t\t\t\t\t\t<img fetchpriority=\"high\" decoding=\"async\" width=\"1920\" height=\"2560\" src=\"https:\/\/studio-dot.eu\/wp-content\/uploads\/2025\/12\/ABOUT-US_-IMAGE-2_EDITED-scaled.jpg\" class=\"attachment-full size-full wp-image-6764\" alt=\"\" srcset=\"https:\/\/studio-dot.eu\/wp-content\/uploads\/2025\/12\/ABOUT-US_-IMAGE-2_EDITED-scaled.jpg 1920w, https:\/\/studio-dot.eu\/wp-content\/uploads\/2025\/12\/ABOUT-US_-IMAGE-2_EDITED-225x300.jpg 225w, https:\/\/studio-dot.eu\/wp-content\/uploads\/2025\/12\/ABOUT-US_-IMAGE-2_EDITED-768x1024.jpg 768w, https:\/\/studio-dot.eu\/wp-content\/uploads\/2025\/12\/ABOUT-US_-IMAGE-2_EDITED-1152x1536.jpg 1152w, https:\/\/studio-dot.eu\/wp-content\/uploads\/2025\/12\/ABOUT-US_-IMAGE-2_EDITED-1536x2048.jpg 1536w, https:\/\/studio-dot.eu\/wp-content\/uploads\/2025\/12\/ABOUT-US_-IMAGE-2_EDITED-9x12.jpg 9w, https:\/\/studio-dot.eu\/wp-content\/uploads\/2025\/12\/ABOUT-US_-IMAGE-2_EDITED-440x587.jpg 440w, https:\/\/studio-dot.eu\/wp-content\/uploads\/2025\/12\/ABOUT-US_-IMAGE-2_EDITED-600x800.jpg 600w\" sizes=\"(max-width: 1920px) 100vw, 1920px\" \/>\t\t\t\t\t\t\t\t\t\t\t\t\t\t\t<\/div>\n\t\t\t\t<\/div>\n\t\t<div class=\"elementor-element elementor-element-e0293bf e-con-full e-flex wpr-particle-no wpr-jarallax-no wpr-parallax-no wpr-sticky-section-no e-con e-child\" data-id=\"e0293bf\" data-element_type=\"container\" data-e-type=\"container\">\n\t\t\t\t<div class=\"elementor-element elementor-element-b8506f4 elementor-widget elementor-widget-text-editor\" data-id=\"b8506f4\" data-element_type=\"widget\" data-e-type=\"widget\" data-settings=\"{&quot;architecturer_ext_is_mobile_menu&quot;:&quot;false&quot;,&quot;architecturer_ext_is_scrollme&quot;:&quot;false&quot;,&quot;architecturer_ext_is_smoove&quot;:&quot;false&quot;,&quot;architecturer_ext_is_parallax_mouse&quot;:&quot;false&quot;,&quot;architecturer_ext_is_infinite&quot;:&quot;false&quot;,&quot;architecturer_ext_is_fadeout_animation&quot;:&quot;false&quot;}\" data-widget_type=\"text-editor.default\">\n\t\t\t\t\t\t\t\t\t<p>Mimarl\u0131k ve geli\u015ftirme s\u00fcre\u00e7lerinde 360\u00b0 u\u00e7tan uca bir yakla\u015f\u0131m sunuyoruz. \u00d6zel m\u00fc\u015fteriler veya yat\u0131r\u0131mc\u0131larla \u00e7al\u0131\u015f\u0131yor olsak da, st\u00fcdyomuz ba\u015ftan sona sorunsuz bir deneyim sa\u011flar.<\/p><p>M\u00fc\u015fterilerimizin yat\u0131r\u0131m yapacaklar\u0131 do\u011fru m\u00fclk\u00fc belirlemelerine ve g\u00fcvence alt\u0131na almalar\u0131na yard\u0131mc\u0131 oluyoruz; her zaman tasar\u0131m potansiyeli ve uzun vadeli de\u011fer odakl\u0131 bir bak\u0131\u015f a\u00e7\u0131s\u0131yla hareket ediyoruz. Ayr\u0131ca, Golden Visa gibi gayrimenkul arac\u0131l\u0131\u011f\u0131yla ikamet yollar\u0131 arayan m\u00fc\u015fteriler i\u00e7in yerel d\u00fczenlemeler ve yat\u0131r\u0131m e\u015fiklerine uygun ki\u015fiselle\u015ftirilmi\u015f destek sa\u011fl\u0131yoruz.<br \/>Do\u011fru m\u00fclk\u00fc belirledikten sonra fizibilite \u00e7al\u0131\u015fmas\u0131 yap\u0131yoruz; bu kapsaml\u0131 analiz, bir projenin finansal, mimari ve d\u00fczenleyici a\u00e7\u0131dan uygulanabilirli\u011fini de\u011ferlendirmeye y\u00f6nelik olup, m\u00fc\u015fterilerin bilin\u00e7li ve g\u00fcvenli kararlar almas\u0131na yard\u0131mc\u0131 olur. Mevcut mek\u00e2nlar\u0131 hassasiyet ve vizyonla d\u00f6n\u00fc\u015ft\u00fcrmede uzman\u0131z ve s\u0131f\u0131rdan yeni yap\u0131lar tasarlay\u0131p hayata ge\u00e7irerek, g\u00fc\u00e7l\u00fc kimlik ve ama\u00e7 ta\u015f\u0131yan \u00e7a\u011fda\u015f, s\u00fcrd\u00fcr\u00fclebilir mimarl\u0131k yarat\u0131yoruz.<\/p><p>Her projenin t\u00fcm ya\u015fam d\u00f6ng\u00fcs\u00fcn\u00fc y\u00f6netiyoruz; m\u00fclk\u00fcn belirlenmesinden in\u015faat s\u00fcrecine kadar t\u00fcm payda\u015flar\u0131, zaman \u00e7izelgelerini ve b\u00fct\u00e7eleri koordine ederek, projeyi zaman\u0131nda, planland\u0131\u011f\u0131 \u015fekilde ve beklentilerin \u00f6tesinde teslim ediyoruz.<\/p>\t\t\t\t\t\t\t\t<\/div>\n\t\t\t\t<\/div>\n\t\t\t\t\t<\/div>\n\t\t\t\t<\/div>\n\t\t<div class=\"elementor-element elementor-element-f09eeaa e-con-full e-flex wpr-particle-no wpr-jarallax-no wpr-parallax-no wpr-sticky-section-no e-con e-parent\" data-id=\"f09eeaa\" data-element_type=\"container\" data-e-type=\"container\" data-settings=\"{&quot;background_background&quot;:&quot;classic&quot;}\">\n\t\t<div class=\"elementor-element elementor-element-a950323 e-con-full e-flex wpr-particle-no wpr-jarallax-no wpr-parallax-no wpr-sticky-section-no e-con e-child\" data-id=\"a950323\" data-element_type=\"container\" data-e-type=\"container\">\n\t\t\t\t<div class=\"elementor-element elementor-element-7778327 elementor-widget elementor-widget-heading\" data-id=\"7778327\" data-element_type=\"widget\" data-e-type=\"widget\" data-settings=\"{&quot;architecturer_ext_is_mobile_menu&quot;:&quot;false&quot;,&quot;architecturer_ext_is_scrollme&quot;:&quot;false&quot;,&quot;architecturer_ext_is_smoove&quot;:&quot;false&quot;,&quot;architecturer_ext_is_parallax_mouse&quot;:&quot;false&quot;,&quot;architecturer_ext_is_infinite&quot;:&quot;false&quot;,&quot;architecturer_ext_is_fadeout_animation&quot;:&quot;false&quot;}\" data-widget_type=\"heading.default\">\n\t\t\t\t\t<h2 class=\"elementor-heading-title elementor-size-default\">Mimari<\/h2>\t\t\t\t<\/div>\n\t\t\t\t<div class=\"elementor-element elementor-element-904b75e elementor-widget elementor-widget-text-editor\" data-id=\"904b75e\" data-element_type=\"widget\" data-e-type=\"widget\" data-settings=\"{&quot;architecturer_ext_is_mobile_menu&quot;:&quot;false&quot;,&quot;architecturer_ext_is_scrollme&quot;:&quot;false&quot;,&quot;architecturer_ext_is_smoove&quot;:&quot;false&quot;,&quot;architecturer_ext_is_parallax_mouse&quot;:&quot;false&quot;,&quot;architecturer_ext_is_infinite&quot;:&quot;false&quot;,&quot;architecturer_ext_is_fadeout_animation&quot;:&quot;false&quot;}\" data-widget_type=\"text-editor.default\">\n\t\t\t\t\t\t\t\t\t<ul><li>fizibilite \u00e7al\u0131\u015fmas\u0131<\/li><li>yenileme ve restorasyon<\/li><li>yeni in\u015faat<\/li><li>proje y\u00f6netimi<\/li><li>in\u015faat y\u00f6netimi<\/li><\/ul>\t\t\t\t\t\t\t\t<\/div>\n\t\t\t\t<div class=\"elementor-element elementor-element-b29dea7 elementor-widget elementor-widget-button\" data-id=\"b29dea7\" data-element_type=\"widget\" data-e-type=\"widget\" data-settings=\"{&quot;architecturer_ext_is_mobile_menu&quot;:&quot;false&quot;,&quot;architecturer_ext_is_scrollme&quot;:&quot;false&quot;,&quot;architecturer_ext_is_smoove&quot;:&quot;false&quot;,&quot;architecturer_ext_is_parallax_mouse&quot;:&quot;false&quot;,&quot;architecturer_ext_is_infinite&quot;:&quot;false&quot;,&quot;architecturer_ext_is_fadeout_animation&quot;:&quot;false&quot;}\" data-widget_type=\"button.default\">\n\t\t\t\t\t\t\t\t\t\t<a class=\"elementor-button elementor-button-link elementor-size-sm\" href=\"https:\/\/studio-dot.eu\/tr\/contact\/\">\n\t\t\t\t\t\t<span class=\"elementor-button-content-wrapper\">\n\t\t\t\t\t\t\t\t\t<span class=\"elementor-button-text\">Bize Ula\u015f\u0131n<\/span>\n\t\t\t\t\t<\/span>\n\t\t\t\t\t<\/a>\n\t\t\t\t\t\t\t\t<\/div>\n\t\t\t\t<\/div>\n\t\t<div class=\"elementor-element elementor-element-6964360 e-con-full e-flex wpr-particle-no wpr-jarallax-no wpr-parallax-no wpr-sticky-section-no e-con e-child\" data-id=\"6964360\" data-element_type=\"container\" data-e-type=\"container\">\n\t\t\t\t<div class=\"elementor-element elementor-element-50746b4 elementor-widget elementor-widget-heading\" data-id=\"50746b4\" data-element_type=\"widget\" data-e-type=\"widget\" data-settings=\"{&quot;architecturer_ext_is_mobile_menu&quot;:&quot;false&quot;,&quot;architecturer_ext_is_scrollme&quot;:&quot;false&quot;,&quot;architecturer_ext_is_smoove&quot;:&quot;false&quot;,&quot;architecturer_ext_is_parallax_mouse&quot;:&quot;false&quot;,&quot;architecturer_ext_is_infinite&quot;:&quot;false&quot;,&quot;architecturer_ext_is_fadeout_animation&quot;:&quot;false&quot;}\" data-widget_type=\"heading.default\">\n\t\t\t\t\t<h2 class=\"elementor-heading-title elementor-size-default\">Gayrimenkul<\/h2>\t\t\t\t<\/div>\n\t\t\t\t<div class=\"elementor-element elementor-element-36aa89d elementor-widget elementor-widget-text-editor\" data-id=\"36aa89d\" data-element_type=\"widget\" data-e-type=\"widget\" data-settings=\"{&quot;architecturer_ext_is_mobile_menu&quot;:&quot;false&quot;,&quot;architecturer_ext_is_scrollme&quot;:&quot;false&quot;,&quot;architecturer_ext_is_smoove&quot;:&quot;false&quot;,&quot;architecturer_ext_is_parallax_mouse&quot;:&quot;false&quot;,&quot;architecturer_ext_is_infinite&quot;:&quot;false&quot;,&quot;architecturer_ext_is_fadeout_animation&quot;:&quot;false&quot;}\" data-widget_type=\"text-editor.default\">\n\t\t\t\t\t\t\t\t\t<ul><li>m\u00fclk temini<\/li><li>pazarlama ve ticarile\u015ftirme<\/li><li>yerel uzmanl\u0131k<\/li><li>alt\u0131n vize<\/li><li>yat\u0131r\u0131m f\u0131rsatlar\u0131<\/li><\/ul>\t\t\t\t\t\t\t\t<\/div>\n\t\t\t\t<div class=\"elementor-element elementor-element-aa5b3e8 elementor-widget elementor-widget-button\" data-id=\"aa5b3e8\" data-element_type=\"widget\" data-e-type=\"widget\" data-settings=\"{&quot;architecturer_ext_is_mobile_menu&quot;:&quot;false&quot;,&quot;architecturer_ext_is_scrollme&quot;:&quot;false&quot;,&quot;architecturer_ext_is_smoove&quot;:&quot;false&quot;,&quot;architecturer_ext_is_parallax_mouse&quot;:&quot;false&quot;,&quot;architecturer_ext_is_infinite&quot;:&quot;false&quot;,&quot;architecturer_ext_is_fadeout_animation&quot;:&quot;false&quot;}\" data-widget_type=\"button.default\">\n\t\t\t\t\t\t\t\t\t\t<a class=\"elementor-button elementor-button-link elementor-size-sm\" href=\"https:\/\/studio-dot.eu\/tr\/contact\/\">\n\t\t\t\t\t\t<span class=\"elementor-button-content-wrapper\">\n\t\t\t\t\t\t\t\t\t<span class=\"elementor-button-text\">Bize Ula\u015f\u0131n<\/span>\n\t\t\t\t\t<\/span>\n\t\t\t\t\t<\/a>\n\t\t\t\t\t\t\t\t<\/div>\n\t\t\t\t<\/div>\n\t\t\t\t<\/div>\n\t\t\t\t<\/div>","protected":false},"excerpt":{"rendered":"<p>We offer a 360\u00b0 end-to-end approach to architecture and development. Whether guiding private clients or investors, our studio provides a seamless experience from acquisition to execution. We help clients identify and secure the right property to invest in, always with<\/p>","protected":false},"author":1,"featured_media":5521,"parent":0,"menu_order":0,"comment_status":"closed","ping_status":"closed","template":"elementor_header_footer","meta":{"_editorskit_title_hidden":false,"_editorskit_reading_time":0,"_editorskit_is_block_options_detached":false,"_editorskit_block_options_position":"{}","footnotes":""},"class_list":["post-1017","page","type-page","status-publish","has-post-thumbnail","hentry"],"yoast_head":"<!-- This site is optimized with the Yoast SEO plugin v27.2 - https:\/\/yoast.com\/product\/yoast-seo-wordpress\/ -->\n<title>Services - Studio dot<\/title>\n<meta name=\"description\" content=\"Studio Dot offers end-to-end architectural and real estate services \u2014 from property sourcing and feasibility studies to design and construction.\" \/>\n<meta name=\"robots\" content=\"index, follow, max-snippet:-1, max-image-preview:large, max-video-preview:-1\" \/>\n<link rel=\"canonical\" href=\"https:\/\/studio-dot.eu\/tr\/our-services\/\" \/>\n<meta property=\"og:locale\" content=\"tr_TR\" \/>\n<meta property=\"og:type\" content=\"article\" \/>\n<meta property=\"og:title\" content=\"Services - Studio dot\" \/>\n<meta property=\"og:description\" content=\"Studio Dot offers end-to-end architectural and real estate services \u2014 from property sourcing and feasibility studies to design and construction.\" \/>\n<meta property=\"og:url\" content=\"https:\/\/studio-dot.eu\/tr\/our-services\/\" \/>\n<meta property=\"og:site_name\" content=\"Studio dot\" \/>\n<meta property=\"article:modified_time\" content=\"2025-12-15T08:38:34+00:00\" \/>\n<meta property=\"og:image\" content=\"https:\/\/studio-dot.eu\/wp-content\/uploads\/2025\/09\/services_slider-1-scaled.jpg\" \/>\n\t<meta property=\"og:image:width\" content=\"2560\" \/>\n\t<meta property=\"og:image:height\" content=\"1707\" \/>\n\t<meta property=\"og:image:type\" content=\"image\/jpeg\" \/>\n<meta name=\"twitter:card\" content=\"summary_large_image\" \/>\n<meta name=\"twitter:label1\" content=\"Tahmini okuma s\u00fcresi\" \/>\n\t<meta name=\"twitter:data1\" content=\"1 dakika\" \/>\n<script type=\"application\/ld+json\" class=\"yoast-schema-graph\">{\"@context\":\"https:\/\/schema.org\",\"@graph\":[{\"@type\":\"WebPage\",\"@id\":\"https:\/\/studio-dot.eu\/our-services\/\",\"url\":\"https:\/\/studio-dot.eu\/our-services\/\",\"name\":\"Services - Studio dot\",\"isPartOf\":{\"@id\":\"https:\/\/studio-dot.eu\/#website\"},\"primaryImageOfPage\":{\"@id\":\"https:\/\/studio-dot.eu\/our-services\/#primaryimage\"},\"image\":{\"@id\":\"https:\/\/studio-dot.eu\/our-services\/#primaryimage\"},\"thumbnailUrl\":\"https:\/\/studio-dot.eu\/wp-content\/uploads\/2025\/09\/services_slider-1-scaled.jpg\",\"datePublished\":\"2018-08-07T06:46:38+00:00\",\"dateModified\":\"2025-12-15T08:38:34+00:00\",\"description\":\"Studio Dot offers end-to-end architectural and real estate services \u2014 from property sourcing and feasibility studies to design and construction.\",\"breadcrumb\":{\"@id\":\"https:\/\/studio-dot.eu\/our-services\/#breadcrumb\"},\"inLanguage\":\"tr\",\"potentialAction\":[{\"@type\":\"ReadAction\",\"target\":[\"https:\/\/studio-dot.eu\/our-services\/\"]}]},{\"@type\":\"ImageObject\",\"inLanguage\":\"tr\",\"@id\":\"https:\/\/studio-dot.eu\/our-services\/#primaryimage\",\"url\":\"https:\/\/studio-dot.eu\/wp-content\/uploads\/2025\/09\/services_slider-1-scaled.jpg\",\"contentUrl\":\"https:\/\/studio-dot.eu\/wp-content\/uploads\/2025\/09\/services_slider-1-scaled.jpg\",\"width\":2560,\"height\":1707},{\"@type\":\"BreadcrumbList\",\"@id\":\"https:\/\/studio-dot.eu\/our-services\/#breadcrumb\",\"itemListElement\":[{\"@type\":\"ListItem\",\"position\":1,\"name\":\"Home\",\"item\":\"https:\/\/studio-dot.eu\/\"},{\"@type\":\"ListItem\",\"position\":2,\"name\":\"Services\"}]},{\"@type\":\"WebSite\",\"@id\":\"https:\/\/studio-dot.eu\/#website\",\"url\":\"https:\/\/studio-dot.eu\/\",\"name\":\"Studio dot\",\"description\":\"\",\"publisher\":{\"@id\":\"https:\/\/studio-dot.eu\/#organization\"},\"potentialAction\":[{\"@type\":\"SearchAction\",\"target\":{\"@type\":\"EntryPoint\",\"urlTemplate\":\"https:\/\/studio-dot.eu\/?s={search_term_string}\"},\"query-input\":{\"@type\":\"PropertyValueSpecification\",\"valueRequired\":true,\"valueName\":\"search_term_string\"}}],\"inLanguage\":\"tr\"},{\"@type\":\"Organization\",\"@id\":\"https:\/\/studio-dot.eu\/#organization\",\"name\":\"Studio dot\",\"url\":\"https:\/\/studio-dot.eu\/\",\"logo\":{\"@type\":\"ImageObject\",\"inLanguage\":\"tr\",\"@id\":\"https:\/\/studio-dot.eu\/#\/schema\/logo\/image\/\",\"url\":\"https:\/\/studio-dot.eu\/wp-content\/uploads\/2025\/09\/Logo-no-background.png\",\"contentUrl\":\"https:\/\/studio-dot.eu\/wp-content\/uploads\/2025\/09\/Logo-no-background.png\",\"width\":972,\"height\":521,\"caption\":\"Studio dot\"},\"image\":{\"@id\":\"https:\/\/studio-dot.eu\/#\/schema\/logo\/image\/\"},\"sameAs\":[\"https:\/\/www.instagram.com\/studiodot.eu?igsh=MWU5M3pzc2dhOGIwaA\",\"https:\/\/www.tiktok.com\/@studiodot.eu?_t=ZN-8zsrFUyj44Z&_r=1\",\"https:\/\/www.linkedin.com\/company\/studio-doteu\/\"]}]}<\/script>\n<!-- \/ Yoast SEO plugin. -->","yoast_head_json":{"title":"Services - Studio dot","description":"Studio Dot offers end-to-end architectural and real estate services \u2014 from property sourcing and feasibility studies to design and construction.","robots":{"index":"index","follow":"follow","max-snippet":"max-snippet:-1","max-image-preview":"max-image-preview:large","max-video-preview":"max-video-preview:-1"},"canonical":"https:\/\/studio-dot.eu\/tr\/our-services\/","og_locale":"tr_TR","og_type":"article","og_title":"Services - Studio dot","og_description":"Studio Dot offers end-to-end architectural and real estate services \u2014 from property sourcing and feasibility studies to design and construction.","og_url":"https:\/\/studio-dot.eu\/tr\/our-services\/","og_site_name":"Studio dot","article_modified_time":"2025-12-15T08:38:34+00:00","og_image":[{"width":2560,"height":1707,"url":"https:\/\/studio-dot.eu\/wp-content\/uploads\/2025\/09\/services_slider-1-scaled.jpg","type":"image\/jpeg"}],"twitter_card":"summary_large_image","twitter_misc":{"Tahmini okuma s\u00fcresi":"1 dakika"},"schema":{"@context":"https:\/\/schema.org","@graph":[{"@type":"WebPage","@id":"https:\/\/studio-dot.eu\/our-services\/","url":"https:\/\/studio-dot.eu\/our-services\/","name":"Services - Studio dot","isPartOf":{"@id":"https:\/\/studio-dot.eu\/#website"},"primaryImageOfPage":{"@id":"https:\/\/studio-dot.eu\/our-services\/#primaryimage"},"image":{"@id":"https:\/\/studio-dot.eu\/our-services\/#primaryimage"},"thumbnailUrl":"https:\/\/studio-dot.eu\/wp-content\/uploads\/2025\/09\/services_slider-1-scaled.jpg","datePublished":"2018-08-07T06:46:38+00:00","dateModified":"2025-12-15T08:38:34+00:00","description":"Studio Dot offers end-to-end architectural and real estate services \u2014 from property sourcing and feasibility studies to design and construction.","breadcrumb":{"@id":"https:\/\/studio-dot.eu\/our-services\/#breadcrumb"},"inLanguage":"tr","potentialAction":[{"@type":"ReadAction","target":["https:\/\/studio-dot.eu\/our-services\/"]}]},{"@type":"ImageObject","inLanguage":"tr","@id":"https:\/\/studio-dot.eu\/our-services\/#primaryimage","url":"https:\/\/studio-dot.eu\/wp-content\/uploads\/2025\/09\/services_slider-1-scaled.jpg","contentUrl":"https:\/\/studio-dot.eu\/wp-content\/uploads\/2025\/09\/services_slider-1-scaled.jpg","width":2560,"height":1707},{"@type":"BreadcrumbList","@id":"https:\/\/studio-dot.eu\/our-services\/#breadcrumb","itemListElement":[{"@type":"ListItem","position":1,"name":"Home","item":"https:\/\/studio-dot.eu\/"},{"@type":"ListItem","position":2,"name":"Services"}]},{"@type":"WebSite","@id":"https:\/\/studio-dot.eu\/#website","url":"https:\/\/studio-dot.eu\/","name":"Studio dot","description":"","publisher":{"@id":"https:\/\/studio-dot.eu\/#organization"},"potentialAction":[{"@type":"SearchAction","target":{"@type":"EntryPoint","urlTemplate":"https:\/\/studio-dot.eu\/?s={search_term_string}"},"query-input":{"@type":"PropertyValueSpecification","valueRequired":true,"valueName":"search_term_string"}}],"inLanguage":"tr"},{"@type":"Organization","@id":"https:\/\/studio-dot.eu\/#organization","name":"Studio dot","url":"https:\/\/studio-dot.eu\/","logo":{"@type":"ImageObject","inLanguage":"tr","@id":"https:\/\/studio-dot.eu\/#\/schema\/logo\/image\/","url":"https:\/\/studio-dot.eu\/wp-content\/uploads\/2025\/09\/Logo-no-background.png","contentUrl":"https:\/\/studio-dot.eu\/wp-content\/uploads\/2025\/09\/Logo-no-background.png","width":972,"height":521,"caption":"Studio dot"},"image":{"@id":"https:\/\/studio-dot.eu\/#\/schema\/logo\/image\/"},"sameAs":["https:\/\/www.instagram.com\/studiodot.eu?igsh=MWU5M3pzc2dhOGIwaA","https:\/\/www.tiktok.com\/@studiodot.eu?_t=ZN-8zsrFUyj44Z&_r=1","https:\/\/www.linkedin.com\/company\/studio-doteu\/"]}]}},"acf":[],"_links":{"self":[{"href":"https:\/\/studio-dot.eu\/tr\/wp-json\/wp\/v2\/pages\/1017","targetHints":{"allow":["GET"]}}],"collection":[{"href":"https:\/\/studio-dot.eu\/tr\/wp-json\/wp\/v2\/pages"}],"about":[{"href":"https:\/\/studio-dot.eu\/tr\/wp-json\/wp\/v2\/types\/page"}],"author":[{"embeddable":true,"href":"https:\/\/studio-dot.eu\/tr\/wp-json\/wp\/v2\/users\/1"}],"replies":[{"embeddable":true,"href":"https:\/\/studio-dot.eu\/tr\/wp-json\/wp\/v2\/comments?post=1017"}],"version-history":[{"count":114,"href":"https:\/\/studio-dot.eu\/tr\/wp-json\/wp\/v2\/pages\/1017\/revisions"}],"predecessor-version":[{"id":6827,"href":"https:\/\/studio-dot.eu\/tr\/wp-json\/wp\/v2\/pages\/1017\/revisions\/6827"}],"wp:featuredmedia":[{"embeddable":true,"href":"https:\/\/studio-dot.eu\/tr\/wp-json\/wp\/v2\/media\/5521"}],"wp:attachment":[{"href":"https:\/\/studio-dot.eu\/tr\/wp-json\/wp\/v2\/media?parent=1017"}],"curies":[{"name":"wp","href":"https:\/\/api.w.org\/{rel}","templated":true}]}}